{"id":487,"date":"2020-02-02T17:10:20","date_gmt":"2020-02-02T16:10:20","guid":{"rendered":"https:\/\/pionpoziom.studio\/?page_id=487"},"modified":"2020-10-19T20:16:30","modified_gmt":"2020-10-19T18:16:30","slug":"projektowanie-wnetrz","status":"publish","type":"page","link":"https:\/\/pionpoziom.studio\/index.php\/projektowanie-wnetrz\/","title":{"rendered":"projektowanie wn\u0119trz"},"content":{"rendered":"\t\t<div data-elementor-type=\"wp-post\" data-elementor-id=\"487\" class=\"elementor elementor-487\">\n\t\t\t\t\t\t<div class=\"elementor-inner\">\n\t\t\t\t<div class=\"elementor-section-wrap\">\n\t\t\t\t\t\t\t\t\t<header class=\"elementor-section elementor-top-section elementor-element elementor-element-b160e59 elementor-section-content-top elementor-section-stretched elementor-section-full_width elementor-section-height-default elementor-section-height-default\" data-id=\"b160e59\" data-element_type=\"section\" data-settings=\"{&quot;stretch_section&quot;:&quot;section-stretched&quot;}\">\n\t\t\t\t\t\t<div class=\"elementor-container elementor-column-gap-default\">\n\t\t\t\t\t\t\t<div class=\"elementor-row\">\n\t\t\t\t\t<div class=\"elementor-column elementor-col-33 elementor-top-column elementor-element elementor-element-bf9baed\" data-id=\"bf9baed\" data-element_type=\"column\">\n\t\t\t<div class=\"elementor-column-wrap elementor-element-populated\">\n\t\t\t\t\t\t\t<div class=\"elementor-widget-wrap\">\n\t\t\t\t\t\t<div class=\"elementor-element elementor-element-5f9114a elementor-shape-circle e-grid-align-left elementor-grid-0 elementor-widget elementor-widget-social-icons\" data-id=\"5f9114a\" data-element_type=\"widget\" data-widget_type=\"social-icons.default\">\n\t\t\t\t<div class=\"elementor-widget-container\">\n\t\t\t\t\t<div class=\"elementor-social-icons-wrapper elementor-grid\">\n\t\t\t\t\t\t\t<span class=\"elementor-grid-item\">\n\t\t\t\t\t<a class=\"elementor-icon elementor-social-icon elementor-social-icon-facebook elementor-repeater-item-87ae45c\" target=\"_blank\">\n\t\t\t\t\t\t<span class=\"elementor-screen-only\">Facebook<\/span>\n\t\t\t\t\t\t<i class=\"fab fa-facebook\"><\/i>\t\t\t\t\t<\/a>\n\t\t\t\t<\/span>\n\t\t\t\t\t\t\t<span class=\"elementor-grid-item\">\n\t\t\t\t\t<a class=\"elementor-icon elementor-social-icon elementor-social-icon-instagram elementor-repeater-item-05c8649\" href=\"https:\/\/instagram.com\/pionpoziom.studio?igshid=1ok2ndbefvjg7\" target=\"_blank\">\n\t\t\t\t\t\t<span class=\"elementor-screen-only\">Instagram<\/span>\n\t\t\t\t\t\t<i class=\"fab fa-instagram\"><\/i>\t\t\t\t\t<\/a>\n\t\t\t\t<\/span>\n\t\t\t\t\t<\/div>\n\t\t\t\t<\/div>\n\t\t\t\t<\/div>\n\t\t\t\t\t\t<\/div>\n\t\t\t\t\t<\/div>\n\t\t<\/div>\n\t\t\t\t<div class=\"elementor-column elementor-col-33 elementor-top-column elementor-element elementor-element-b51704a\" data-id=\"b51704a\" data-element_type=\"column\">\n\t\t\t<div class=\"elementor-column-wrap elementor-element-populated\">\n\t\t\t\t\t\t\t<div class=\"elementor-widget-wrap\">\n\t\t\t\t\t\t<div class=\"elementor-element elementor-element-feb28a2 elementor-widget elementor-widget-image\" data-id=\"feb28a2\" data-element_type=\"widget\" data-widget_type=\"image.default\">\n\t\t\t\t<div class=\"elementor-widget-container\">\n\t\t\t\t\t\t\t\t<div class=\"elementor-image\">\n\t\t\t\t\t\t\t\t\t<figure class=\"wp-caption\">\n\t\t\t\t\t\t\t\t\t\t\t<a href=\"https:\/\/pionpoziom.studio\/\">\n\t\t\t\t\t\t\t<img width=\"580\" height=\"580\" src=\"https:\/\/pionpoziom.studio\/wp-content\/uploads\/2020\/02\/pp-probki_06-1024x1024.png\" class=\"attachment-large size-large wp-image-570\" alt=\"\" loading=\"lazy\" srcset=\"https:\/\/pionpoziom.studio\/wp-content\/uploads\/2020\/02\/pp-probki_06-1024x1024.png 1024w, https:\/\/pionpoziom.studio\/wp-content\/uploads\/2020\/02\/pp-probki_06-300x300.png 300w, https:\/\/pionpoziom.studio\/wp-content\/uploads\/2020\/02\/pp-probki_06-768x768.png 768w, https:\/\/pionpoziom.studio\/wp-content\/uploads\/2020\/02\/pp-probki_06.png 1181w\" sizes=\"(max-width: 580px) 100vw, 580px\" \/>\t\t\t\t\t\t\t\t<\/a>\n\t\t\t\t\t\t\t\t\t\t\t<figcaption class=\"widget-image-caption wp-caption-text\">PION \\ POZIOM STUDIO ARCHITEKTURY<\/figcaption>\n\t\t\t\t\t\t\t\t\t\t<\/figure>\n\t\t\t\t\t\t\t\t<\/div>\n\t\t\t\t\t\t<\/div>\n\t\t\t\t<\/div>\n\t\t\t\t\t\t<\/div>\n\t\t\t\t\t<\/div>\n\t\t<\/div>\n\t\t\t\t<div class=\"elementor-column elementor-col-33 elementor-top-column elementor-element elementor-element-7dba006\" data-id=\"7dba006\" data-element_type=\"column\">\n\t\t\t<div class=\"elementor-column-wrap elementor-element-populated\">\n\t\t\t\t\t\t\t<div class=\"elementor-widget-wrap\">\n\t\t\t\t\t\t<div class=\"elementor-element elementor-element-a72bf84 elementor-icon-list--layout-inline elementor-align-right elementor-mobile-align-center elementor-list-item-link-full_width elementor-widget elementor-widget-icon-list\" data-id=\"a72bf84\" data-element_type=\"widget\" data-widget_type=\"icon-list.default\">\n\t\t\t\t<div class=\"elementor-widget-container\">\n\t\t\t\t\t<ul class=\"elementor-icon-list-items elementor-inline-items\">\n\t\t\t\t\t\t\t<li class=\"elementor-icon-list-item elementor-inline-item\">\n\t\t\t\t\t\t\t\t\t\t\t<a href=\"https:\/\/pionpoziom.studio\/%20#OFERTA\">\n\n\t\t\t\t\t\t\t\t\t\t\t<span class=\"elementor-icon-list-text\">OFERTA<\/span>\n\t\t\t\t\t\t\t\t\t\t\t<\/a>\n\t\t\t\t\t\t\t\t\t<\/li>\n\t\t\t\t\t\t\t\t<li class=\"elementor-icon-list-item elementor-inline-item\">\n\t\t\t\t\t\t\t\t\t\t\t<a href=\"https:\/\/pionpoziom.studio\/%20#PROJEKTY\">\n\n\t\t\t\t\t\t\t\t\t\t\t<span class=\"elementor-icon-list-text\">PORTFOLIO<\/span>\n\t\t\t\t\t\t\t\t\t\t\t<\/a>\n\t\t\t\t\t\t\t\t\t<\/li>\n\t\t\t\t\t\t\t\t<li class=\"elementor-icon-list-item elementor-inline-item\">\n\t\t\t\t\t\t\t\t\t\t\t<a href=\"https:\/\/pionpoziom.studio\/%20#PRACOWNIA\">\n\n\t\t\t\t\t\t\t\t\t\t\t<span class=\"elementor-icon-list-text\">PRACOWNIA<\/span>\n\t\t\t\t\t\t\t\t\t\t\t<\/a>\n\t\t\t\t\t\t\t\t\t<\/li>\n\t\t\t\t\t\t\t\t<li class=\"elementor-icon-list-item elementor-inline-item\">\n\t\t\t\t\t\t\t\t\t\t\t<a href=\"https:\/\/pionpoziom.studio\/%20#KONTAKT\">\n\n\t\t\t\t\t\t\t\t\t\t\t<span class=\"elementor-icon-list-text\">KONTAKT<\/span>\n\t\t\t\t\t\t\t\t\t\t\t<\/a>\n\t\t\t\t\t\t\t\t\t<\/li>\n\t\t\t\t\t\t<\/ul>\n\t\t\t\t<\/div>\n\t\t\t\t<\/div>\n\t\t\t\t\t\t<\/div>\n\t\t\t\t\t<\/div>\n\t\t<\/div>\n\t\t\t\t\t\t\t\t<\/div>\n\t\t\t\t\t<\/div>\n\t\t<\/header>\n\t\t\t\t<main class=\"elementor-section elementor-top-section elementor-element elementor-element-d7f75bb elementor-section-height-min-height elementor-section-full_width elementor-section-content-bottom elementor-section-height-default elementor-section-items-middle\" data-id=\"d7f75bb\" data-element_type=\"section\" data-settings=\"{&quot;background_background&quot;:&quot;classic&quot;}\">\n\t\t\t\t\t\t\t<div class=\"elementor-background-overlay\"><\/div>\n\t\t\t\t\t\t\t<div class=\"elementor-container elementor-column-gap-default\">\n\t\t\t\t\t\t\t<div class=\"elementor-row\">\n\t\t\t\t\t<div class=\"elementor-column elementor-col-100 elementor-top-column elementor-element elementor-element-5f87139\" data-id=\"5f87139\" data-element_type=\"column\">\n\t\t\t<div class=\"elementor-column-wrap\">\n\t\t\t\t\t\t\t<div class=\"elementor-widget-wrap\">\n\t\t\t\t\t\t\t\t<\/div>\n\t\t\t\t\t<\/div>\n\t\t<\/div>\n\t\t\t\t\t\t\t\t<\/div>\n\t\t\t\t\t<\/div>\n\t\t<\/main>\n\t\t\t\t<section class=\"elementor-section elementor-top-section elementor-element elementor-element-725de8f elementor-section-boxed elementor-section-height-default elementor-section-height-default\" data-id=\"725de8f\" data-element_type=\"section\" data-settings=\"{&quot;background_background&quot;:&quot;classic&quot;}\">\n\t\t\t\t\t\t<div class=\"elementor-container elementor-column-gap-wide\">\n\t\t\t\t\t\t\t<div class=\"elementor-row\">\n\t\t\t\t\t<div class=\"elementor-column elementor-col-100 elementor-top-column elementor-element elementor-element-c53ff6e\" data-id=\"c53ff6e\" data-element_type=\"column\" data-settings=\"{&quot;background_background&quot;:&quot;classic&quot;}\">\n\t\t\t<div class=\"elementor-column-wrap elementor-element-populated\">\n\t\t\t\t\t\t\t<div class=\"elementor-widget-wrap\">\n\t\t\t\t\t\t<div class=\"elementor-element elementor-element-978ab0c elementor-widget elementor-widget-heading\" data-id=\"978ab0c\" data-element_type=\"widget\" data-widget_type=\"heading.default\">\n\t\t\t\t<div class=\"elementor-widget-container\">\n\t\t\t<h4 class=\"elementor-heading-title elementor-size-default\">PROJEKTOWANIE WN\u0118TRZ<br>\u2014<\/h4>\t\t<\/div>\n\t\t\t\t<\/div>\n\t\t\t\t<div class=\"elementor-element elementor-element-58e2860 elementor-widget elementor-widget-spacer\" data-id=\"58e2860\" data-element_type=\"widget\" data-widget_type=\"spacer.default\">\n\t\t\t\t<div class=\"elementor-widget-container\">\n\t\t\t\t\t<div class=\"elementor-spacer\">\n\t\t\t<div class=\"elementor-spacer-inner\"><\/div>\n\t\t<\/div>\n\t\t\t\t<\/div>\n\t\t\t\t<\/div>\n\t\t\t\t<div class=\"elementor-element elementor-element-a9d7543 elementor-widget elementor-widget-text-editor\" data-id=\"a9d7543\" data-element_type=\"widget\" data-widget_type=\"text-editor.default\">\n\t\t\t\t<div class=\"elementor-widget-container\">\n\t\t\t\t\t\t\t\t<div class=\"elementor-text-editor elementor-clearfix\">\n\t\t\t\t<p class=\"font_8\">PION \/ POZIOM to estetyczne wn\u0119trza&nbsp;z dusz\u0105, idealnie dopasowane do Pa\u0144stwa oczekiwa\u0144 i potrzeb. Ka\u017cdym projektem staramy si\u0119 przedstawi\u0107&nbsp;unikaln\u0105 i autentyczn\u0105 histori\u0119, Pa\u0144stwa histori\u0119. Stawiamy na funkcjonalno\u015b\u0107, dobry design i wysok\u0105 jako\u015b\u0107 materia\u0142\u00f3w wyko\u0144czeniowych. Nasze wn\u0119trza charakteryzuj\u0105 si\u0119 prost\u0105 i czyst\u0105 form\u0105 z nut\u0105 awangardy. Staramy si\u0119, by nasze projekty zyska\u0142y wymiar ponadczasowy oraz&nbsp;sprawia\u0142y ich w\u0142a\u015bcicielom przyjemno\u015b\u0107 w odczuwaniu swojej przestrzeni.<\/p>\n<p class=\"font_8\">Projektujemy wn\u0119trza mieszkaniowe, komercyjne i&nbsp;biurowe. W naszej ofercie znajdziecie Pa\u0144stwo kilka pakiet\u00f3w, o r\u00f3\u017cnej gamie us\u0142ug &#8211; od projektu koncepcyjnego &#8211; przez w\u0142a\u015bciwy projekt wykonawczy &#8211; na realizacji pod klucz ko\u0144cz\u0105c.<\/p>\t\t\t\t\t<\/div>\n\t\t\t\t\t\t<\/div>\n\t\t\t\t<\/div>\n\t\t\t\t\t\t<\/div>\n\t\t\t\t\t<\/div>\n\t\t<\/div>\n\t\t\t\t\t\t\t\t<\/div>\n\t\t\t\t\t<\/div>\n\t\t<\/section>\n\t\t\t\t<section class=\"elementor-section elementor-top-section elementor-element elementor-element-cdc4bd6 elementor-section-boxed elementor-section-height-default elementor-section-height-default\" data-id=\"cdc4bd6\" data-element_type=\"section\">\n\t\t\t\t\t\t<div class=\"elementor-container elementor-column-gap-default\">\n\t\t\t\t\t\t\t<div class=\"elementor-row\">\n\t\t\t\t\t<div class=\"elementor-column elementor-col-33 elementor-top-column elementor-element elementor-element-ed85035\" data-id=\"ed85035\" data-element_type=\"column\">\n\t\t\t<div class=\"elementor-column-wrap elementor-element-populated\">\n\t\t\t\t\t\t\t<div class=\"elementor-widget-wrap\">\n\t\t\t\t\t\t<div class=\"elementor-element elementor-element-52e06a1 elementor-position-top elementor-vertical-align-top elementor-widget elementor-widget-image-box\" data-id=\"52e06a1\" data-element_type=\"widget\" data-widget_type=\"image-box.default\">\n\t\t\t\t<div class=\"elementor-widget-container\">\n\t\t\t<div class=\"elementor-image-box-wrapper\"><figure class=\"elementor-image-box-img\"><img width=\"567\" height=\"567\" src=\"https:\/\/pionpoziom.studio\/wp-content\/uploads\/2020\/02\/PAKIET-S-02.png\" class=\"attachment-large size-large wp-image-589\" alt=\"WYNAJEM D\u0141UGOTERMINOWY\" loading=\"lazy\" srcset=\"https:\/\/pionpoziom.studio\/wp-content\/uploads\/2020\/02\/PAKIET-S-02.png 567w, https:\/\/pionpoziom.studio\/wp-content\/uploads\/2020\/02\/PAKIET-S-02-300x300.png 300w\" sizes=\"(max-width: 567px) 100vw, 567px\" \/><\/figure><div class=\"elementor-image-box-content\"><h3 class=\"elementor-image-box-title\">PAKIET S<\/h3><p class=\"elementor-image-box-description\">Idealny jest dla os\u00f3b dopiero poszukuj\u0105cych pomys\u0142u na swoje wn\u0119trze, potrzebuj\u0105cych precyzyjnie zorganizowa\u0107 przestrze\u0144 i funkcjonalnie zagospodarowa\u0107 swoje metry kwadratowe. W tym pakiecie otrzymacie Pa\u0144stwo wn\u0119trzarskie porady architekta, kt\u00f3ry szkicowo nakre\u015bli dla Was sp\u00f3jn\u0105 wizj\u0119 kolorystyczn\u0105 i stylistyczn\u0105 nieruchomo\u015bci oraz rozwi\u0105\u017ce dopasowany do Pa\u0144stwa potrzeb uk\u0142ad funkcjonalny wn\u0119trza w kilku wariantach.<\/p><\/div><\/div>\t\t<\/div>\n\t\t\t\t<\/div>\n\t\t\t\t\t\t<\/div>\n\t\t\t\t\t<\/div>\n\t\t<\/div>\n\t\t\t\t<div class=\"elementor-column elementor-col-33 elementor-top-column elementor-element elementor-element-0c60fc5\" data-id=\"0c60fc5\" data-element_type=\"column\">\n\t\t\t<div class=\"elementor-column-wrap elementor-element-populated\">\n\t\t\t\t\t\t\t<div class=\"elementor-widget-wrap\">\n\t\t\t\t\t\t<div class=\"elementor-element elementor-element-f735597 elementor-position-top elementor-vertical-align-top elementor-widget elementor-widget-image-box\" data-id=\"f735597\" data-element_type=\"widget\" data-widget_type=\"image-box.default\">\n\t\t\t\t<div class=\"elementor-widget-container\">\n\t\t\t<div class=\"elementor-image-box-wrapper\"><figure class=\"elementor-image-box-img\"><img width=\"567\" height=\"567\" src=\"https:\/\/pionpoziom.studio\/wp-content\/uploads\/2020\/02\/PAKIET-M-02.png\" class=\"attachment-large size-large wp-image-588\" alt=\"\" loading=\"lazy\" srcset=\"https:\/\/pionpoziom.studio\/wp-content\/uploads\/2020\/02\/PAKIET-M-02.png 567w, https:\/\/pionpoziom.studio\/wp-content\/uploads\/2020\/02\/PAKIET-M-02-300x300.png 300w\" sizes=\"(max-width: 567px) 100vw, 567px\" \/><\/figure><div class=\"elementor-image-box-content\"><h3 class=\"elementor-image-box-title\">PAKIET M<\/h3><p class=\"elementor-image-box-description\">Stworzony zosta\u0142 dla wszystkich, kt\u00f3rzy lubi\u0105 si\u0119ga\u0107 po wi\u0119cej - dla os\u00f3b dopiero zaczynaj\u0105cych przygod\u0119 ze swoim wn\u0119trzem, jak i dla tych, kt\u00f3rzy ju\u017c maj\u0105 wizj\u0119 swojej przestrzeni, ale potrzebuj\u0105 fachowca, kt\u00f3ry t\u0119 wizj\u0119 rzetelnie dopracuje, zoptymalizuje i urzeczywistni. Ten pakiet zawiera wszystkie dobra pakietu S, powi\u0119kszone o nadz\u00f3r autorski i kompletn\u0105 dokumentacj\u0119 projektow\u0105 z wizualizacjami 3D wybranych pomieszcze\u0144 oraz zwymiarowane i opisane rysunki projektu wraz ze specyfikacj\u0105 materia\u0142ow\u0105, kt\u00f3r\u0105 bezpo\u015brednio mo\u017cecie Pa\u0144stwo przedstawi\u0107 swoim ekipom remontowym.<\/p><\/div><\/div>\t\t<\/div>\n\t\t\t\t<\/div>\n\t\t\t\t\t\t<\/div>\n\t\t\t\t\t<\/div>\n\t\t<\/div>\n\t\t\t\t<div class=\"elementor-column elementor-col-33 elementor-top-column elementor-element elementor-element-5754476\" data-id=\"5754476\" data-element_type=\"column\">\n\t\t\t<div class=\"elementor-column-wrap elementor-element-populated\">\n\t\t\t\t\t\t\t<div class=\"elementor-widget-wrap\">\n\t\t\t\t\t\t<div class=\"elementor-element elementor-element-227dd95 elementor-position-top elementor-vertical-align-top elementor-widget elementor-widget-image-box\" data-id=\"227dd95\" data-element_type=\"widget\" data-widget_type=\"image-box.default\">\n\t\t\t\t<div class=\"elementor-widget-container\">\n\t\t\t<div class=\"elementor-image-box-wrapper\"><figure class=\"elementor-image-box-img\"><img width=\"567\" height=\"567\" src=\"https:\/\/pionpoziom.studio\/wp-content\/uploads\/2020\/02\/PAKIET-L-02.png\" class=\"attachment-large size-large wp-image-587\" alt=\"\" loading=\"lazy\" srcset=\"https:\/\/pionpoziom.studio\/wp-content\/uploads\/2020\/02\/PAKIET-L-02.png 567w, https:\/\/pionpoziom.studio\/wp-content\/uploads\/2020\/02\/PAKIET-L-02-300x300.png 300w\" sizes=\"(max-width: 567px) 100vw, 567px\" \/><\/figure><div class=\"elementor-image-box-content\"><h3 class=\"elementor-image-box-title\">PAKIET L<\/h3><p class=\"elementor-image-box-description\">Dla wszystkich zapracowanych lub chc\u0105cych przej\u015b\u0107 przez remont bez stresu. Pa\u0144stwa udzia\u0142 w procesie projektowo-wykonawczym jest w tym pakiecie znikomy. Zapewniamy Pa\u0144stwu wszystkie dobra pakiet\u00f3w S i M, plus dodatkowo specyfikacj\u0119 materia\u0142ow\u0105 z zestawieniem ilo\u015bciowym i kosztorysem, sta\u0142y nadz\u00f3r architekta nad inwestycj\u0105, opiek\u0119 menad\u017cera projektu, profesjonaln\u0105 ekip\u0119 remontow\u0105 oraz \u015bwi\u0119ty spok\u00f3j.<\/p><\/div><\/div>\t\t<\/div>\n\t\t\t\t<\/div>\n\t\t\t\t<div class=\"elementor-element elementor-element-94c6c9d elementor-widget elementor-widget-spacer\" data-id=\"94c6c9d\" data-element_type=\"widget\" data-widget_type=\"spacer.default\">\n\t\t\t\t<div class=\"elementor-widget-container\">\n\t\t\t\t\t<div class=\"elementor-spacer\">\n\t\t\t<div class=\"elementor-spacer-inner\"><\/div>\n\t\t<\/div>\n\t\t\t\t<\/div>\n\t\t\t\t<\/div>\n\t\t\t\t\t\t<\/div>\n\t\t\t\t\t<\/div>\n\t\t<\/div>\n\t\t\t\t\t\t\t\t<\/div>\n\t\t\t\t\t<\/div>\n\t\t<\/section>\n\t\t\t\t<section class=\"elementor-section elementor-top-section elementor-element elementor-element-866703a elementor-section-boxed elementor-section-height-default elementor-section-height-default\" data-id=\"866703a\" data-element_type=\"section\" data-settings=\"{&quot;background_background&quot;:&quot;classic&quot;}\">\n\t\t\t\t\t\t\t<div class=\"elementor-background-overlay\"><\/div>\n\t\t\t\t\t\t\t<div class=\"elementor-container elementor-column-gap-default\">\n\t\t\t\t\t\t\t<div class=\"elementor-row\">\n\t\t\t\t\t<div class=\"elementor-column elementor-col-50 elementor-top-column elementor-element elementor-element-869c578\" data-id=\"869c578\" data-element_type=\"column\">\n\t\t\t<div class=\"elementor-column-wrap\">\n\t\t\t\t\t\t\t<div class=\"elementor-widget-wrap\">\n\t\t\t\t\t\t\t\t<\/div>\n\t\t\t\t\t<\/div>\n\t\t<\/div>\n\t\t\t\t<div class=\"elementor-column elementor-col-50 elementor-top-column elementor-element elementor-element-e385649\" data-id=\"e385649\" data-element_type=\"column\" data-settings=\"{&quot;background_background&quot;:&quot;classic&quot;}\">\n\t\t\t<div class=\"elementor-column-wrap elementor-element-populated\">\n\t\t\t\t\t\t\t<div class=\"elementor-widget-wrap\">\n\t\t\t\t\t\t<div class=\"elementor-element elementor-element-7e5ac5b elementor-widget elementor-widget-menu-anchor\" data-id=\"7e5ac5b\" data-element_type=\"widget\" data-widget_type=\"menu-anchor.default\">\n\t\t\t\t<div class=\"elementor-widget-container\">\n\t\t\t\t\t<div id=\"KONTAKT\" class=\"elementor-menu-anchor\"><\/div>\n\t\t\t\t<\/div>\n\t\t\t\t<\/div>\n\t\t\t\t<div class=\"elementor-element elementor-element-4e2f4a4 elementor-widget elementor-widget-spacer\" data-id=\"4e2f4a4\" data-element_type=\"widget\" data-widget_type=\"spacer.default\">\n\t\t\t\t<div class=\"elementor-widget-container\">\n\t\t\t\t\t<div class=\"elementor-spacer\">\n\t\t\t<div class=\"elementor-spacer-inner\"><\/div>\n\t\t<\/div>\n\t\t\t\t<\/div>\n\t\t\t\t<\/div>\n\t\t\t\t<div class=\"elementor-element elementor-element-aefb233 elementor-widget elementor-widget-heading\" data-id=\"aefb233\" data-element_type=\"widget\" data-widget_type=\"heading.default\">\n\t\t\t\t<div class=\"elementor-widget-container\">\n\t\t\t<h4 class=\"elementor-heading-title elementor-size-default\">ZOSTA\u0143MY W KONTAKCIE<br>\u2014<\/h4>\t\t<\/div>\n\t\t\t\t<\/div>\n\t\t\t\t<div class=\"elementor-element elementor-element-554316c elementor-vertical-align-middle elementor-position-top elementor-widget elementor-widget-image-box\" data-id=\"554316c\" data-element_type=\"widget\" data-widget_type=\"image-box.default\">\n\t\t\t\t<div class=\"elementor-widget-container\">\n\t\t\t<div class=\"elementor-image-box-wrapper\"><figure class=\"elementor-image-box-img\"><img width=\"580\" height=\"580\" src=\"https:\/\/pionpoziom.studio\/wp-content\/uploads\/2020\/02\/pp-probki_06-1024x1024.png\" class=\"attachment-large size-large wp-image-570\" alt=\"\" loading=\"lazy\" srcset=\"https:\/\/pionpoziom.studio\/wp-content\/uploads\/2020\/02\/pp-probki_06-1024x1024.png 1024w, https:\/\/pionpoziom.studio\/wp-content\/uploads\/2020\/02\/pp-probki_06-300x300.png 300w, https:\/\/pionpoziom.studio\/wp-content\/uploads\/2020\/02\/pp-probki_06-768x768.png 768w, https:\/\/pionpoziom.studio\/wp-content\/uploads\/2020\/02\/pp-probki_06.png 1181w\" sizes=\"(max-width: 580px) 100vw, 580px\" \/><\/figure><div class=\"elementor-image-box-content\"><h3 class=\"elementor-image-box-title\"><a href=\"mailto:biuro@pionpoziom.studio \">biuro@pionpoziom.studio <\/a><\/h3><p class=\"elementor-image-box-description\">Babiego Lata 15a\/1a, 53-020 Wroc\u0142aw<br><br>Agata Kmie\u0107<br><span style=\"color: rgb(186, 156, 128);\">M.\/ <a href=\"mailto:agata@pionpoziom.studio\">agata@pionpoziom.studio<\/a><\/span><br style=\"color: rgb(186, 156, 128);\"><span style=\"color: rgb(186, 156, 128);\">T.\/ 48 608464286<\/span><br><span style=\"color: rgb(186, 156, 128);\"><\/span><br>\u0141ukasz Czapran<br><span style=\"color: rgb(186, 156, 128);\">M.\/ <a href=\"mailto:lukasz@pionpoziom.studio\">lukasz@pionpoziom.studio<\/a><\/span><br style=\"color: rgb(186, 156, 128);\"><span style=\"color: rgb(186, 156, 128);\">T.\/ 48 506176080<\/span><br><br><br><\/p><\/div><\/div>\t\t<\/div>\n\t\t\t\t<\/div>\n\t\t\t\t<div class=\"elementor-element elementor-element-b309c6e elementor-button-info elementor-align-right elementor-widget elementor-widget-button\" data-id=\"b309c6e\" data-element_type=\"widget\" data-widget_type=\"button.default\">\n\t\t\t\t<div class=\"elementor-widget-container\">\n\t\t\t\t\t<div class=\"elementor-button-wrapper\">\n\t\t\t<a href=\"https:\/\/pionpoziom.studio\/%20#OFERTA\" class=\"elementor-button-link elementor-button elementor-size-sm\" role=\"button\">\n\t\t\t\t\t\t<span class=\"elementor-button-content-wrapper\">\n\t\t\t\t\t\t\t<span class=\"elementor-button-icon elementor-align-icon-left\">\n\t\t\t\t<i aria-hidden=\"true\" class=\"fas fa-angle-left\"><\/i>\t\t\t<\/span>\n\t\t\t\t\t\t<span class=\"elementor-button-text\">WR\u00d3\u0106<\/span>\n\t\t<\/span>\n\t\t\t\t\t<\/a>\n\t\t<\/div>\n\t\t\t\t<\/div>\n\t\t\t\t<\/div>\n\t\t\t\t\t\t<\/div>\n\t\t\t\t\t<\/div>\n\t\t<\/div>\n\t\t\t\t\t\t\t\t<\/div>\n\t\t\t\t\t<\/div>\n\t\t<\/section>\n\t\t\t\t<section class=\"elementor-section elementor-top-section elementor-element elementor-element-ed7ecd6 elementor-section-boxed elementor-section-height-default elementor-section-height-default\" data-id=\"ed7ecd6\" data-element_type=\"section\">\n\t\t\t\t\t\t<div class=\"elementor-container elementor-column-gap-default\">\n\t\t\t\t\t\t\t<div class=\"elementor-row\">\n\t\t\t\t\t<div class=\"elementor-column elementor-col-100 elementor-top-column elementor-element elementor-element-01b5fb4\" data-id=\"01b5fb4\" data-element_type=\"column\">\n\t\t\t<div class=\"elementor-column-wrap elementor-element-populated\">\n\t\t\t\t\t\t\t<div class=\"elementor-widget-wrap\">\n\t\t\t\t\t\t<div class=\"elementor-element elementor-element-928817b elementor-widget elementor-widget-text-editor\" data-id=\"928817b\" data-element_type=\"widget\" data-widget_type=\"text-editor.default\">\n\t\t\t\t<div class=\"elementor-widget-container\">\n\t\t\t\t\t\t\t\t<div class=\"elementor-text-editor elementor-clearfix\">\n\t\t\t\t<div class=\"Footer__Copyright\"><span style=\"color: #000000;\"><a class=\"Footer__StoreName Heading u-h7 Link Link--secondary\" style=\"color: #000000;\" href=\"https:\/\/pionpoziom.studio\">\u00a9 PION\/POZIOM<\/a><\/span><\/div>\t\t\t\t\t<\/div>\n\t\t\t\t\t\t<\/div>\n\t\t\t\t<\/div>\n\t\t\t\t\t\t<\/div>\n\t\t\t\t\t<\/div>\n\t\t<\/div>\n\t\t\t\t\t\t\t\t<\/div>\n\t\t\t\t\t<\/div>\n\t\t<\/section>\n\t\t\t\t\t\t\t\t\t<\/div>\n\t\t\t<\/div>\n\t\t\t\t\t<\/div>\n\t\t","protected":false},"excerpt":{"rendered":"<p>Facebook Instagram PION POZIOM STUDIO ARCHITEKTURY OFERTA PORTFOLIO PRACOWNIA KONTAKT PROJEKTOWANIE WN\u0118TRZ\u2014 PION \/ POZIOM to estetyczne wn\u0119trza&nbsp;z dusz\u0105, idealnie dopasowane do Pa\u0144stwa oczekiwa\u0144 i potrzeb. Ka\u017cdym projektem staramy si\u0119 przedstawi\u0107&nbsp;unikaln\u0105 i autentyczn\u0105 histori\u0119, Pa\u0144stwa histori\u0119. Stawiamy na funkcjonalno\u015b\u0107, dobry design i wysok\u0105 jako\u015b\u0107 materia\u0142\u00f3w wyko\u0144czeniowych. Nasze wn\u0119trza charakteryzuj\u0105 si\u0119 prost\u0105 i czyst\u0105 form\u0105 z [&hellip;]<\/p>\n","protected":false},"author":1,"featured_media":0,"parent":0,"menu_order":0,"comment_status":"closed","ping_status":"closed","template":"elementor_canvas","meta":[],"_links":{"self":[{"href":"https:\/\/pionpoziom.studio\/index.php\/wp-json\/wp\/v2\/pages\/487"}],"collection":[{"href":"https:\/\/pionpoziom.studio\/index.php\/wp-json\/wp\/v2\/pages"}],"about":[{"href":"https:\/\/pionpoziom.studio\/index.php\/wp-json\/wp\/v2\/types\/page"}],"author":[{"embeddable":true,"href":"https:\/\/pionpoziom.studio\/index.php\/wp-json\/wp\/v2\/users\/1"}],"replies":[{"embeddable":true,"href":"https:\/\/pionpoziom.studio\/index.php\/wp-json\/wp\/v2\/comments?post=487"}],"version-history":[{"count":77,"href":"https:\/\/pionpoziom.studio\/index.php\/wp-json\/wp\/v2\/pages\/487\/revisions"}],"predecessor-version":[{"id":1640,"href":"https:\/\/pionpoziom.studio\/index.php\/wp-json\/wp\/v2\/pages\/487\/revisions\/1640"}],"wp:attachment":[{"href":"https:\/\/pionpoziom.studio\/index.php\/wp-json\/wp\/v2\/media?parent=487"}],"curies":[{"name":"wp","href":"https:\/\/api.w.org\/{rel}","templated":true}]}}